{"id":5,"date":"2018-04-20T14:00:40","date_gmt":"2018-04-20T12:00:40","guid":{"rendered":"https:\/\/terra-natur.eu\/anfrageformular\/?page_id=5"},"modified":"2024-11-16T11:28:05","modified_gmt":"2024-11-16T10:28:05","slug":"form","status":"publish","type":"page","link":"https:\/\/terra-natur.eu\/anfrageformular\/","title":{"rendered":"Anfrageformular"},"content":{"rendered":"<p>[et_pb_section fb_built=&#8220;1&#8243; admin_label=&#8220;section&#8220; _builder_version=&#8220;4.16&#8243; global_colors_info=&#8220;{}&#8220;][et_pb_row admin_label=&#8220;row&#8220; _builder_version=&#8220;4.16&#8243; background_size=&#8220;initial&#8220; background_position=&#8220;top_left&#8220; background_repeat=&#8220;repeat&#8220; global_colors_info=&#8220;{}&#8220;][et_pb_column type=&#8220;4_4&#8243; _builder_version=&#8220;4.16&#8243; custom_padding=&#8220;|||&#8220; global_colors_info=&#8220;{}&#8220; custom_padding__hover=&#8220;|||&#8220;][et_pb_image src=&#8220;https:\/\/terra-natur.eu\/anfrageformular\/wp-content\/uploads\/2024\/11\/header.png&#8220; align=&#8220;center&#8220; _builder_version=&#8220;4.27.3&#8243; hover_enabled=&#8220;0&#8243; global_colors_info=&#8220;{}&#8220; sticky_enabled=&#8220;0&#8243;][\/et_pb_image][et_pb_text _builder_version=&#8220;4.27.3&#8243; _module_preset=&#8220;default&#8220; text_font_size=&#8220;60px&#8220; text_text_color=&#8220;#000000&#8243; hover_enabled=&#8220;0&#8243; sticky_enabled=&#8220;0&#8243; text_line_height=&#8220;1.3em&#8220; text_font=&#8220;Yesteryear||||||||&#8220;]<\/p>\n<p style=\"text-align: center;\"><span>Herzlich willkommen!<\/span><\/p>\n<p>[\/et_pb_text][et_pb_text _builder_version=&#8220;4.27.3&#8243; _module_preset=&#8220;default&#8220; text_font_size=&#8220;16px&#8220; text_text_color=&#8220;#000000&#8243; hover_enabled=&#8220;0&#8243; sticky_enabled=&#8220;0&#8243;]<\/p>\n<p><span>Terra-Natur ist Ihr pers\u00f6nlicher Aquarienhersteller und Direktverk\u00e4ufer.<\/span><br \/><span>Wir stehen Aqua- und Terra-Hobbyisten sowie Profis in ganz Europa zur Seite, um ihre Visionen mit unserer freundlichen und fachkundigen Expertise zu verwirklichen und zu gestalten. Terra-Natur wurde im Jahr 2006 ins Leben gerufen und wird heute vom Gr\u00fcnder und Besitzer Alfred Tonner gef\u00fchrt.<\/span><\/p>\n<p>[\/et_pb_text][\/et_pb_column][\/et_pb_row][et_pb_row _builder_version=&#8220;4.27.3&#8243; _module_preset=&#8220;default&#8220; column_structure=&#8220;1_2,1_2&#8243;][et_pb_column _builder_version=&#8220;4.27.3&#8243; _module_preset=&#8220;default&#8220; type=&#8220;1_2&#8243;][et_pb_text admin_label=&#8220;Text&#8220; _builder_version=&#8220;4.27.3&#8243; background_size=&#8220;initial&#8220; background_position=&#8220;top_left&#8220; background_repeat=&#8220;repeat&#8220; hover_enabled=&#8220;0&#8243; global_colors_info=&#8220;{}&#8220; sticky_enabled=&#8220;0&#8243; text_font=&#8220;|700|||||||&#8220; text_line_height__hover_enabled=&#8220;on|desktop&#8220;]<\/p>\n<div id=\"pl-5\" class=\"panel-layout\">\n<div id=\"pg-5-0\" class=\"panel-grid panel-has-style\" data-style=\"{&quot;padding&quot;:&quot;0px&quot;,&quot;cell_alignment&quot;:&quot;flex-start&quot;,&quot;align&quot;:&quot;&quot;,&quot;overlay&quot;:&quot;&quot;,&quot;overlay_color&quot;:&quot;#000000&quot;}\" data-ratio=\"1\" data-ratio-direction=\"right\">\n<div style=\"padding: 0px 0;\" data-overlay=\"true\" data-overlay-color=\"#000000\" class=\"panel-row-style panel-row-style-for-5-0\">\n<div id=\"pgc-5-0-0\" class=\"panel-grid-cell\" data-weight=\"1\">\n<div id=\"panel-5-0-0-0\" class=\"so-panel widget widget_sow-image panel-first-child panel-last-child\" data-index=\"0\" data-style=\"{&quot;background_display&quot;:&quot;tile&quot;,&quot;content_alignment&quot;:&quot;left&quot;,&quot;title_color&quot;:&quot;#443f3f&quot;,&quot;headings_color&quot;:&quot;#443f3f&quot;}\">\n<div style=\"text-align: left;\" data-title-color=\"#443f3f\" data-headings-color=\"#443f3f\" class=\"panel-widget-style panel-widget-style-for-5-0-0-0\"><div role=\"form\" class=\"wpcf7\" id=\"wpcf7-f26-o1\" lang=\"cs-CZ\" dir=\"ltr\">\n<div class=\"screen-reader-response\"><\/div>\n<form action=\"\/anfrageformular\/wp-json\/wp\/v2\/pages\/5#wpcf7-f26-o1\" method=\"post\" class=\"wpcf7-form\" enctype=\"multipart\/form-data\" novalidate=\"novalidate\">\n<div style=\"display: none;\">\n<input type=\"hidden\" name=\"_wpcf7\" value=\"26\" \/>\n<input type=\"hidden\" name=\"_wpcf7_version\" value=\"5.0.1\" \/>\n<input type=\"hidden\" name=\"_wpcf7_locale\" value=\"cs_CZ\" \/>\n<input type=\"hidden\" name=\"_wpcf7_unit_tag\" value=\"wpcf7-f26-o1\" \/>\n<input type=\"hidden\" name=\"_wpcf7_container_post\" value=\"0\" \/>\n<\/div>\n<p><label> Vorname<br \/>\n    <span class=\"wpcf7-form-control-wrap your-vorname\"><input type=\"text\" name=\"your-vorname\" value=\"\" size=\"40\" class=\"wpcf7-form-control wpcf7-text wpcf7-validates-as-required\" aria-required=\"true\" aria-invalid=\"false\" \/><\/span> <\/label><\/p>\n<p><label> Nachname<br \/>\n    <span class=\"wpcf7-form-control-wrap your-nachname\"><input type=\"text\" name=\"your-nachname\" value=\"\" size=\"40\" class=\"wpcf7-form-control wpcf7-text wpcf7-validates-as-required\" aria-required=\"true\" aria-invalid=\"false\" \/><\/span> <\/label><\/p>\n<p><label> E-mail<br \/>\n    <span class=\"wpcf7-form-control-wrap your-email\"><input type=\"email\" name=\"your-email\" value=\"\" size=\"40\" class=\"wpcf7-form-control wpcf7-text wpcf7-email wpcf7-validates-as-required wpcf7-validates-as-email\" aria-required=\"true\" aria-invalid=\"false\" \/><\/span> <\/label><\/p>\n<p><label> Telefonnummer<br \/>\n    <span class=\"wpcf7-form-control-wrap your-telefon\"><input type=\"text\" name=\"your-telefon\" value=\"\" size=\"40\" class=\"wpcf7-form-control wpcf7-text wpcf7-validates-as-required\" aria-required=\"true\" aria-invalid=\"false\" \/><\/span> <\/label><\/p>\n<p><\/br><\/br><\/p>\n<p><strong>Adresse<\/strong>*<\/p>\n<p><label> Adresse<br \/>\n    <span class=\"wpcf7-form-control-wrap your-adresse\"><input type=\"text\" name=\"your-adresse\" value=\"\" size=\"40\" class=\"wpcf7-form-control wpcf7-text wpcf7-validates-as-required\" aria-required=\"true\" aria-invalid=\"false\" \/><\/span> <\/label><\/p>\n<p><label> Zusatz<br \/>\n    <span class=\"wpcf7-form-control-wrap your-zusatz\"><input type=\"text\" name=\"your-zusatz\" value=\"\" size=\"40\" class=\"wpcf7-form-control wpcf7-text wpcf7-validates-as-required\" aria-required=\"true\" aria-invalid=\"false\" \/><\/span> <\/label><\/p>\n<p><label> Stadt<br \/>\n    <span class=\"wpcf7-form-control-wrap your-stadt\"><input type=\"text\" name=\"your-stadt\" value=\"\" size=\"40\" class=\"wpcf7-form-control wpcf7-text wpcf7-validates-as-required\" aria-required=\"true\" aria-invalid=\"false\" \/><\/span> <\/label><\/p>\n<p><label> Postleitzahl<br \/>\n    <span class=\"wpcf7-form-control-wrap your-post\"><input type=\"text\" name=\"your-post\" value=\"\" size=\"40\" class=\"wpcf7-form-control wpcf7-text wpcf7-validates-as-required\" aria-required=\"true\" aria-invalid=\"false\" \/><\/span> <\/label><\/p>\n<p><label> Land<br \/>\n    <span class=\"wpcf7-form-control-wrap your-land\"><input type=\"text\" name=\"your-land\" value=\"\" size=\"40\" class=\"wpcf7-form-control wpcf7-text wpcf7-validates-as-required\" aria-required=\"true\" aria-invalid=\"false\" \/><\/span> <\/label><\/p>\n<p><\/br><\/br><\/p>\n<p><strong>Wie k\u00f6nnen wir Ihnen helfen?*<\/strong><\/p>\n<p><span class=\"wpcf7-form-control-wrap menu-305\"><select name=\"menu-305\" class=\"wpcf7-form-control wpcf7-select\" aria-invalid=\"false\"><option value=\"Generelle Fragen\">Generelle Fragen<\/option><option value=\"Aquarium\">Aquarium<\/option><option value=\"Terrarium\">Terrarium<\/option><option value=\"Palludarium\">Palludarium<\/option><option value=\"Ma\u00dfanfertigung\">Ma\u00dfanfertigung<\/option><option value=\"Individualisierungen\">Individualisierungen<\/option><option value=\"Abdeckungen\">Abdeckungen<\/option><option value=\"Kollaborationen\">Kollaborationen<\/option><\/select><\/span><br \/>\n<\/br><\/br><\/p>\n<p><strong>Weitere Informationen:<\/strong><\/p>\n<p><span class=\"wpcf7-form-control-wrap textarea-464\"><textarea name=\"textarea-464\" cols=\"40\" rows=\"10\" class=\"wpcf7-form-control wpcf7-textarea\" aria-invalid=\"false\"><\/textarea><\/span><\/p>\n<p><\/br><\/br><\/p>\n<p><strong>Ihre Inspirationen<\/strong><\/br> Sie haben einen Artikel gesehen den Sie gern individualisieren w\u00fcrden? Einfach Foto oder Skizze hochladen!<\/p>\n<p><span class=\"wpcf7-form-control-wrap file-902\"><input type=\"file\" name=\"file-902\" size=\"40\" class=\"wpcf7-form-control wpcf7-file\" accept=\".jpg,.jpeg,.png,.gif,.pdf,.doc,.docx,.ppt,.pptx,.odt,.avi,.ogg,.m4a,.mov,.mp3,.mp4,.mpg,.wav,.wmv\" aria-invalid=\"false\" \/><\/span><\/p>\n<p><\/br><\/br><\/p>\n<p>Webseite oder Social Media (Optional)<\/p>\n<p><span class=\"wpcf7-form-control-wrap social\"><input type=\"text\" name=\"social\" value=\"\" size=\"40\" class=\"wpcf7-form-control wpcf7-text\" aria-invalid=\"false\" \/><\/span><\/p>\n<p><input type=\"submit\" value=\"Absenden\" class=\"wpcf7-form-control wpcf7-submit\" \/><\/p>\n<div class=\"wpcf7-response-output wpcf7-display-none\"><\/div><\/form><\/div><\/div>\n<\/div>\n<\/div>\n<\/div>\n<\/div>\n<\/div>\n<p>[\/et_pb_text][\/et_pb_column][et_pb_column _builder_version=&#8220;4.27.3&#8243; _module_preset=&#8220;default&#8220; type=&#8220;1_2&#8243;][et_pb_image src=&#8220;https:\/\/terra-natur.eu\/anfrageformular\/wp-content\/uploads\/2024\/11\/bok.png&#8220; _builder_version=&#8220;4.27.3&#8243; _module_preset=&#8220;default&#8220; hover_enabled=&#8220;0&#8243; sticky_enabled=&#8220;0&#8243;][\/et_pb_image][\/et_pb_column][\/et_pb_row][\/et_pb_section]<\/p>\n","protected":false},"excerpt":{"rendered":"<p>Herzlich willkommen!Terra-Natur ist Ihr pers\u00f6nlicher Aquarienhersteller und Direktverk\u00e4ufer.Wir stehen Aqua- und Terra-Hobbyisten sowie Profis in ganz Europa zur Seite, um ihre Visionen mit unserer freundlichen und fachkundigen Expertise zu verwirklichen und zu gestalten. Terra-Natur wurde im Jahr 2006 ins Leben gerufen und wird heute vom Gr\u00fcnder und Besitzer Alfred Tonner gef\u00fchrt. [contact-form-7 404 \"Not Found\"]<\/p>\n","protected":false},"author":1,"featured_media":0,"parent":0,"menu_order":0,"comment_status":"closed","ping_status":"closed","template":"","meta":{"_et_pb_use_builder":"on","_et_pb_old_content":"<div id=\"pl-5\"  class=\"panel-layout\" ><div id=\"pg-5-0\"  class=\"panel-grid panel-has-style\"  data-style=\"{&quot;padding&quot;:&quot;0px&quot;,&quot;cell_alignment&quot;:&quot;flex-start&quot;,&quot;align&quot;:&quot;&quot;,&quot;overlay&quot;:&quot;&quot;,&quot;overlay_color&quot;:&quot;#000000&quot;}\"  data-ratio=\"1\"  data-ratio-direction=\"right\" ><div style=\"padding: 0px 0; \" data-overlay=\"true\" data-overlay-color=\"#000000\" class=\"panel-row-style panel-row-style-for-5-0\" ><div id=\"pgc-5-0-0\"  class=\"panel-grid-cell\"  data-weight=\"1\" ><div id=\"panel-5-0-0-0\" class=\"so-panel widget widget_sow-image panel-first-child panel-last-child\" data-index=\"0\" data-style=\"{&quot;background_display&quot;:&quot;tile&quot;,&quot;content_alignment&quot;:&quot;left&quot;,&quot;title_color&quot;:&quot;#443f3f&quot;,&quot;headings_color&quot;:&quot;#443f3f&quot;}\" ><div style=\"text-align: left;\" data-title-color=\"#443f3f\" data-headings-color=\"#443f3f\" class=\"panel-widget-style panel-widget-style-for-5-0-0-0\" >[siteorigin_widget class=\"SiteOrigin_Widget_Image_Widget\"]<input type=\"hidden\" value=\"{&quot;instance&quot;:{&quot;image&quot;:14,&quot;image_fallback&quot;:&quot;&quot;,&quot;size&quot;:&quot;full&quot;,&quot;align&quot;:&quot;center&quot;,&quot;title_align&quot;:&quot;default&quot;,&quot;title&quot;:&quot;&quot;,&quot;title_position&quot;:&quot;hidden&quot;,&quot;alt&quot;:&quot;&quot;,&quot;url&quot;:&quot;&quot;,&quot;bound&quot;:true,&quot;_sow_form_id&quot;:&quot;7655205415ad9dff480cf9201349818&quot;,&quot;_sow_form_timestamp&quot;:&quot;1524228092443&quot;,&quot;new_window&quot;:false,&quot;full_width&quot;:false},&quot;args&quot;:{&quot;before_widget&quot;:&quot;&lt;div id=&quot;panel-5-0-0-0&quot; class=&quot;so-panel widget widget_sow-image panel-first-child panel-last-child&quot; data-index=&quot;0&quot; data-style=&quot;{&amp;quot;background_display&amp;quot;:&amp;quot;tile&amp;quot;,&amp;quot;content_alignment&amp;quot;:&amp;quot;left&amp;quot;,&amp;quot;title_color&amp;quot;:&amp;quot;#443f3f&amp;quot;,&amp;quot;headings_color&amp;quot;:&amp;quot;#443f3f&amp;quot;}&quot; &gt;&lt;div style=&quot;text-align: left;&quot; data-title-color=&quot;#443f3f&quot; data-headings-color=&quot;#443f3f&quot; class=&quot;panel-widget-style panel-widget-style-for-5-0-0-0&quot; &gt;&quot;,&quot;after_widget&quot;:&quot;&lt;\/div&gt;&lt;\/div&gt;&quot;,&quot;before_title&quot;:&quot;&lt;h3 class=&quot;widget-title&quot;&gt;&quot;,&quot;after_title&quot;:&quot;&lt;\/h3&gt;&quot;,&quot;widget_id&quot;:&quot;widget-0-0-0&quot;}}\" \/>[\/siteorigin_widget]<\/div><\/div><\/div><\/div><\/div><div id=\"pg-5-1\"  class=\"panel-grid panel-has-style\" ><div style=\"padding: 100px 0; \" data-overlay=\"true\" class=\"panel-row-style panel-row-style-for-5-1\" ><div id=\"pgc-5-1-0\"  class=\"panel-grid-cell\"  data-weight=\"1\" ><div id=\"panel-5-1-0-0\" class=\"so-panel widget widget_sow-editor panel-first-child panel-last-child\" data-index=\"1\" data-style=\"{&quot;background_display&quot;:&quot;tile&quot;,&quot;content_alignment&quot;:&quot;left&quot;,&quot;title_color&quot;:&quot;#443f3f&quot;,&quot;headings_color&quot;:&quot;#443f3f&quot;}\" ><div style=\"text-align: left;\" data-title-color=\"#443f3f\" data-headings-color=\"#443f3f\" class=\"panel-widget-style panel-widget-style-for-5-1-0-0\" ><div class=\"so-widget-sow-editor so-widget-sow-editor-base\"><h3 class=\"widget-title\">Anfrageformular<\/h3>\n<div class=\"siteorigin-widget-tinymce textwidget\">\n\t<p>[contact-form-7 id=\"4\" title=\"Kontaktn\u00ed formul\u00e1\u0159 1\"]<\/p>\n<\/div>\n<\/div><\/div><\/div><\/div><\/div><\/div><\/div>","_et_gb_content_width":""},"_links":{"self":[{"href":"https:\/\/terra-natur.eu\/anfrageformular\/wp-json\/wp\/v2\/pages\/5"}],"collection":[{"href":"https:\/\/terra-natur.eu\/anfrageformular\/wp-json\/wp\/v2\/pages"}],"about":[{"href":"https:\/\/terra-natur.eu\/anfrageformular\/wp-json\/wp\/v2\/types\/page"}],"author":[{"embeddable":true,"href":"https:\/\/terra-natur.eu\/anfrageformular\/wp-json\/wp\/v2\/users\/1"}],"replies":[{"embeddable":true,"href":"https:\/\/terra-natur.eu\/anfrageformular\/wp-json\/wp\/v2\/comments?post=5"}],"version-history":[{"count":33,"href":"https:\/\/terra-natur.eu\/anfrageformular\/wp-json\/wp\/v2\/pages\/5\/revisions"}],"predecessor-version":[{"id":1399,"href":"https:\/\/terra-natur.eu\/anfrageformular\/wp-json\/wp\/v2\/pages\/5\/revisions\/1399"}],"wp:attachment":[{"href":"https:\/\/terra-natur.eu\/anfrageformular\/wp-json\/wp\/v2\/media?parent=5"}],"curies":[{"name":"wp","href":"https:\/\/api.w.org\/{rel}","templated":true}]}}